{"id":215,"date":"2026-01-13T10:34:48","date_gmt":"2026-01-13T09:34:48","guid":{"rendered":"https:\/\/meitob.bplaced.net\/kroatien\/?page_id=215"},"modified":"2026-01-19T13:30:52","modified_gmt":"2026-01-19T12:30:52","slug":"istrien","status":"publish","type":"page","link":"https:\/\/meitob.bplaced.net\/kroatien\/istrien\/","title":{"rendered":"ISTRIEN"},"content":{"rendered":"\n<div class=\"wp-block-cover alignfull is-light has-custom-content-position is-position-center-center\" style=\"margin-top:0;margin-bottom:0;padding-top:var(--wp--preset--spacing--50);padding-right:var(--wp--preset--spacing--50);padding-bottom:var(--wp--preset--spacing--50);padding-left:var(--wp--preset--spacing--50);min-height:900px;aspect-ratio:unset;\"><img loading=\"lazy\" decoding=\"async\" width=\"293\" height=\"172\" class=\"wp-block-cover__image-background wp-image-220 size-full\" alt=\"\" src=\"https:\/\/meitob.bplaced.net\/kroatien\/wp-content\/uploads\/2026\/01\/schafr.jpg\" data-object-fit=\"cover\"\/><span aria-hidden=\"true\" class=\"wp-block-cover__background has-background-dim-30 has-background-dim\" style=\"background-color:#6e9ecf\"><\/span><div class=\"wp-block-cover__inner-container is-layout-flow wp-block-cover-is-layout-flow\">\n<div class=\"wp-block-group alignwide has-global-padding is-content-justification-center is-layout-constrained wp-block-group-is-layout-constrained\">\n<h2 class=\"wp-block-heading has-text-align-center has-xx-large-font-size\" style=\"font-style:normal;font-weight:700\">Istrien \u2013 Traumziel an der Adria<\/h2>\n\n\n\n<p class=\"has-text-align-center has-contrast-color has-text-color has-background has-link-color wp-elements-a6a4db19326f2a5f9c2927a36e414cdc\" style=\"background-color:#ffffff45;font-size:clamp(0.875rem, 0.875rem + ((1vw - 0.2rem) * 0.667), 1.3rem);\">Erleben Sie die faszinierende Halbinsel im Norden Kroatiens \u2013 wo Geschichte und mediterranes Flair verschmelzen<\/p>\n<\/div>\n<\/div><\/div>\n\n\n\n<div class=\"wp-block-group alignfull is-style-section-1 is-layout-flow wp-block-group-is-layout-flow is-style-section-1--1\" style=\"margin-top:0;margin-bottom:0;padding-top:var(--wp--preset--spacing--80);padding-bottom:var(--wp--preset--spacing--80)\">\n<div class=\"wp-block-columns alignwide is-layout-flex wp-container-core-columns-is-layout-66fad18a wp-block-columns-is-layout-flex\">\n<div class=\"wp-block-column is-layout-flow wp-block-column-is-layout-flow\" style=\"padding-right:var(--wp--preset--spacing--50);flex-basis:45%\">\n<div class=\"wp-block-group has-global-padding is-layout-constrained wp-block-group-is-layout-constrained\" style=\"margin-top:-12vw\">\n<div style=\"height:200px\" aria-hidden=\"true\" class=\"wp-block-spacer\"><\/div>\n<\/div>\n\n\n\n<figure class=\"wp-block-image aligncenter size-full is-resized\"><img loading=\"lazy\" decoding=\"async\" width=\"300\" height=\"168\" src=\"https:\/\/meitob.bplaced.net\/kroatien\/wp-content\/uploads\/2026\/01\/neu-1.jpg\" alt=\"\" class=\"wp-image-221\" style=\"aspect-ratio:1.7857413463674607;width:600px;height:auto\"\/><\/figure>\n<\/div>\n\n\n\n<div class=\"wp-block-column is-vertically-aligned-center is-layout-flow wp-block-column-is-layout-flow\" style=\"padding-right:0;padding-left:0;flex-basis:50%\">\n<div class=\"wp-block-group is-vertical is-layout-flex wp-container-core-group-is-layout-fe9cc265 wp-block-group-is-layout-flex\">\n<h2 class=\"wp-block-heading is-style-text-annotation is-style-text-annotation--2\">Herzlich willkommen<\/h2>\n<\/div>\n\n\n\n<p class=\"is-style-text-subtitle is-style-text-subtitle--3\"><strong>Istrien<\/strong> ist die gr\u00f6\u00dfte Halbinsel der n\u00f6rdlichen Adria und geh\u00f6rt zu den begehrtesten Urlaubszielen Kroatiens. Die Region besticht durch ihre ausgezeichnete touristische Infrastruktur sowie die ideale Lage nahe den europ\u00e4ischen Nachbarl\u00e4ndern. T\u00fcrkisblaues Wasser, idyllische Badebuchten, malerische K\u00fcstenorte und zahlreiche historische Sch\u00e4tze zeichnen diese besondere Region aus.<\/p>\n<\/div>\n<\/div>\n<\/div>\n\n\n\n<div class=\"wp-block-group alignfull has-global-padding is-layout-constrained wp-container-core-group-is-layout-ebee8dc1 wp-block-group-is-layout-constrained\" style=\"margin-top:0;margin-bottom:0;padding-top:var(--wp--preset--spacing--50);padding-bottom:var(--wp--preset--spacing--50)\">\n<h2 class=\"wp-block-heading alignwide\">Entdecken Sie Istriens K\u00fcstenst\u00e4dte<\/h2>\n\n\n\n<div class=\"wp-block-columns alignwide is-layout-flex wp-container-core-columns-is-layout-28f84493 wp-block-columns-is-layout-flex\">\n<div class=\"wp-block-column is-layout-flow wp-block-column-is-layout-flow\">\n<h3 class=\"wp-block-heading\">Rovinj<\/h3>\n\n\n\n<p class=\"has-medium-font-size\">Die romantische Stadt besticht durch ihre pittoreske Altstadt, farbenfrohe H\u00e4user und die beeindruckende Kirche der Heiligen Euphemia auf dem H\u00fcgel.<\/p>\n<\/div>\n\n\n\n<div class=\"wp-block-column is-layout-flow wp-block-column-is-layout-flow\">\n<h3 class=\"wp-block-heading\">Pula<\/h3>\n\n\n\n<p class=\"has-medium-font-size\">Die gr\u00f6\u00dfte Stadt der Region fasziniert mit ihrem au\u00dfergew\u00f6hnlich erhaltenen r\u00f6mischen Amphitheater \u2013 eines der bedeutendsten weltweit \u2013 und lebhafter Kulturszene.<\/p>\n<\/div>\n\n\n\n<div class=\"wp-block-column is-layout-flow wp-block-column-is-layout-flow\">\n<h3 class=\"wp-block-heading\">Pore\u010d<\/h3>\n\n\n\n<p class=\"has-medium-font-size\">UNESCO-Weltkulturerbe mit der beeindruckenden Euphrasius-Basilika, antiken Ruinen und venezianischen Bauwerken auf einer bezaubernden Halbinsel.<\/p>\n<\/div>\n<\/div>\n<\/div>\n\n\n\n<div class=\"wp-block-group alignfull is-style-section-5 is-layout-flow wp-block-group-is-layout-flow is-style-section-5--4\" style=\"margin-top:0;margin-bottom:0;padding-top:var(--wp--preset--spacing--80);padding-bottom:var(--wp--preset--spacing--80)\">\n<div class=\"wp-block-columns alignwide is-layout-flex wp-container-core-columns-is-layout-7ee84d44 wp-block-columns-is-layout-flex\">\n<div class=\"wp-block-column is-vertically-aligned-center is-layout-flow wp-block-column-is-layout-flow\" style=\"flex-basis:50%\">\n<h2 class=\"wp-block-heading\">Traumhafte Str\u00e4nde &amp; Glasklares Wasser<\/h2>\n\n\n\n<p class=\"has-medium-font-size\">Die istrische K\u00fcste \u00fcberzeugt mit einer beeindruckenden Vielfalt an Badepl\u00e4tzen. Von Kieselstr\u00e4nden \u00fcber romantische Felsbuchten bis hin zu versteckten Badeorten \u2013 hier ist f\u00fcr jeden etwas dabei. Die hervorragende Wasserqualit\u00e4t und das glasklare Meer sind ideal zum Schwimmen, Schnorcheln und Tauchen. Besonders die zahlreichen kleinen Buchten entlang der zerkl\u00fcfteten K\u00fcste sind ein Highlight.<br><\/p>\n<\/div>\n\n\n\n<div class=\"wp-block-column is-vertically-aligned-center is-layout-flow wp-block-column-is-layout-flow\" style=\"flex-basis:50%\">\n<figure class=\"wp-block-image size-full is-resized\"><img loading=\"lazy\" decoding=\"async\" width=\"275\" height=\"183\" src=\"https:\/\/meitob.bplaced.net\/kroatien\/wp-content\/uploads\/2026\/01\/neu2.jpg\" alt=\"\" class=\"wp-image-222\" style=\"aspect-ratio:1;object-fit:cover;width:458px;height:auto\"\/><figcaption class=\"wp-element-caption\">Stadt Omis in Dalmatien<\/figcaption><\/figure>\n<\/div>\n<\/div>\n<\/div>\n\n\n\n<div class=\"wp-block-group alignfull has-global-padding is-layout-constrained wp-block-group-is-layout-constrained\" style=\"margin-top:0;margin-bottom:0;padding-top:var(--wp--preset--spacing--60);padding-bottom:var(--wp--preset--spacing--60)\">\n<div class=\"wp-block-columns alignwide is-layout-flex wp-container-core-columns-is-layout-74b2cda3 wp-block-columns-is-layout-flex\">\n<div class=\"wp-block-column is-layout-flow wp-block-column-is-layout-flow\">\n<div class=\"wp-block-group is-vertical is-content-justification-left is-layout-flex wp-container-core-group-is-layout-7ce391b6 wp-block-group-is-layout-flex\" style=\"min-height:100%\">\n<h2 class=\"wp-block-heading is-style-text-annotation has-x-small-font-size is-style-text-annotation--5\">Genuss pur<\/h2>\n\n\n\n<blockquote class=\"wp-block-quote is-style-plain has-x-large-font-size is-layout-flow wp-container-core-quote-is-layout-5dafc681 wp-block-quote-is-layout-flow is-style-plain--6\" style=\"font-style:normal;font-weight:400\">\n<div class=\"wp-block-group has-global-padding is-content-justification-left is-layout-constrained wp-container-core-group-is-layout-085bd3d9 wp-block-group-is-layout-constrained\" style=\"margin-top:0;margin-bottom:0;padding-top:0;padding-right:0;padding-bottom:0;padding-left:0\">\n<p class=\"has-xx-large-font-size\">\u201eEin wahrer Traum Pizza, Wein und Oliven erreichen hier Weltklasse-Niveau!&#8220;<\/p>\n<\/div>\n<cite>Genie\u00dfer Magazin<br><sub>Kulinarik-Spezialisten<\/sub><\/cite><\/blockquote>\n<\/div>\n<\/div>\n\n\n\n<div class=\"wp-block-column is-layout-flow wp-block-column-is-layout-flow\" style=\"padding-top:0;padding-right:0;padding-bottom:0;padding-left:0\">\n<figure class=\"wp-block-image size-full is-resized\"><img loading=\"lazy\" decoding=\"async\" width=\"259\" height=\"194\" src=\"https:\/\/meitob.bplaced.net\/kroatien\/wp-content\/uploads\/2026\/01\/pizza.jpg\" alt=\"\" class=\"wp-image-223\" style=\"aspect-ratio:1;object-fit:cover;width:504px;height:auto\"\/><\/figure>\n<\/div>\n<\/div>\n<\/div>\n\n\n\n<div class=\"wp-block-group alignfull is-style-section-1 is-layout-flow wp-block-group-is-layout-flow is-style-section-1--7\" style=\"margin-top:0;margin-bottom:0;padding-top:var(--wp--preset--spacing--80);padding-bottom:var(--wp--preset--spacing--80)\">\n<div class=\"wp-block-columns alignwide is-layout-flex wp-container-core-columns-is-layout-7ee84d44 wp-block-columns-is-layout-flex\">\n<div class=\"wp-block-column is-vertically-aligned-center is-layout-flow wp-block-column-is-layout-flow\" style=\"flex-basis:50%\">\n<figure class=\"wp-block-image size-full is-resized\"><img loading=\"lazy\" decoding=\"async\" width=\"276\" height=\"183\" src=\"https:\/\/meitob.bplaced.net\/kroatien\/wp-content\/uploads\/2026\/01\/Untitled-1.jpg\" alt=\"\" class=\"wp-image-225\" style=\"aspect-ratio:1;object-fit:cover;width:606px;height:auto\"\/><\/figure>\n<\/div>\n\n\n\n<div class=\"wp-block-column is-vertically-aligned-center is-layout-flow wp-block-column-is-layout-flow\" style=\"flex-basis:50%\">\n<h2 class=\"wp-block-heading\">Idyllisches Hinterland<\/h2>\n\n\n\n<p class=\"has-medium-font-size\">Jenseits der K\u00fcste wartet das gr\u00fcne Herzst\u00fcck Istriens mit seinen mittelalterlichen Bergd\u00f6rfern. Motovun, Gro\u017enjan und Oprtalj erheben sich majest\u00e4tisch auf H\u00fcgeln und gew\u00e4hren spektakul\u00e4re Panoramablicke \u00fcber Weinberge, Olivenhaine und \u00fcppige W\u00e4lder. Diese historischen D\u00f6rfer eignen sich perfekt f\u00fcr Wanderungen, Radtouren und um die urspr\u00fcngliche istrische Lebensart kennenzulernen. Hier scheint die Zeit stillzustehen und Traditionen werden lebendig gehalten.<br><\/p>\n<\/div>\n<\/div>\n<\/div>\n\n\n\n<div class=\"wp-block-group alignfull has-global-padding is-layout-constrained wp-container-core-group-is-layout-ebee8dc1 wp-block-group-is-layout-constrained\" style=\"margin-top:0;margin-bottom:0;padding-top:var(--wp--preset--spacing--50);padding-bottom:var(--wp--preset--spacing--50)\">\n<h2 class=\"wp-block-heading alignwide\">Kulinarische Highlights<\/h2>\n\n\n\n<div class=\"wp-block-columns alignwide is-layout-flex wp-container-core-columns-is-layout-28f84493 wp-block-columns-is-layout-flex\">\n<div class=\"wp-block-column is-layout-flow wp-block-column-is-layout-flow\">\n<h3 class=\"wp-block-heading\">Tr\u00fcffel<\/h3>\n\n\n\n<p class=\"has-medium-font-size\">Die wei\u00dfen und schwarzen Tr\u00fcffel aus Istrien z\u00e4hlen zu den besten weltweit. Besonders im Herbst werden hier spektakul\u00e4re Exemplare entdeckt.<\/p>\n<\/div>\n\n\n\n<div class=\"wp-block-column is-layout-flow wp-block-column-is-layout-flow\">\n<h3 class=\"wp-block-heading\">Oliven\u00f6l<\/h3>\n\n\n\n<p class=\"has-medium-font-size\">Istrisches Oliven\u00f6l tr\u00e4gt zahlreiche internationale Auszeichnungen und geh\u00f6rt zu den besten der Erde. Ein fl\u00fcssiges Gold mit unvergleichlichem Geschmack.<\/p>\n<\/div>\n\n\n\n<div class=\"wp-block-column is-layout-flow wp-block-column-is-layout-flow\">\n<h3 class=\"wp-block-heading\">Wein<\/h3>\n\n\n\n<p class=\"has-medium-font-size\">Die heimischen Rebsorten Malvazija und Teran sind die Aush\u00e4ngeschilder der istrischen Weinproduktion und faszinieren Weinkenner weltweit.<\/p>\n<\/div>\n<\/div>\n<\/div>\n\n\n\n<aside class=\"wp-block-group alignfull is-style-section-3 has-global-padding is-layout-constrained wp-container-core-group-is-layout-f0f2a97b wp-block-group-is-layout-constrained is-style-section-3--8\" style=\"margin-top:0;margin-bottom:0;padding-top:var(--wp--preset--spacing--50);padding-right:var(--wp--preset--spacing--50);padding-bottom:var(--wp--preset--spacing--50);padding-left:var(--wp--preset--spacing--50)\">\n<div class=\"wp-block-group is-vertical is-content-justification-center is-layout-flex wp-container-core-group-is-layout-8778ca4a wp-block-group-is-layout-flex\" style=\"min-height:360px;margin-top:0;margin-bottom:0\">\n<h2 class=\"wp-block-heading has-text-align-center has-xx-large-font-size\">Entdecken Sie Istrien<\/h2>\n\n\n\n<p class=\"has-text-align-center is-style-text-subtitle is-style-text-subtitle--9\">Erleben Sie die sch\u00f6nsten Orte, Str\u00e4nde und kulinarischen Sch\u00e4tze dieser einzigartigen Region. Lassen Sie sich von der Faszination Istriens begeistern.<\/p>\n\n\n\n<div style=\"height:0px\" aria-hidden=\"true\" class=\"wp-block-spacer wp-container-content-62aae154\"><\/div>\n\n\n\n<div class=\"wp-block-buttons is-content-justification-center is-layout-flex wp-container-core-buttons-is-layout-a89b3969 wp-block-buttons-is-layout-flex\">\n<div class=\"wp-block-button\"><a class=\"wp-block-button__link has-text-align-center wp-element-button\">Jetzt entdecken<\/a><\/div>\n<\/div>\n<\/div>\n\n\n\n<ul class=\"wp-block-social-links is-layout-flex wp-block-social-links-is-layout-flex\"><\/ul>\n<\/aside>\n","protected":false},"excerpt":{"rendered":"<p>Herzlich willkommen Istrien ist die gr\u00f6\u00dfte Halbinsel der n\u00f6rdlichen Adria und geh\u00f6rt zu den begehrtesten Urlaubszielen Kroatiens. Die Region besticht durch ihre ausgezeichnete touristische Infrastruktur sowie die ideale Lage nahe den europ\u00e4ischen Nachbarl\u00e4ndern. T\u00fcrkisblaues Wasser, idyllische Badebuchten, malerische K\u00fcstenorte und zahlreiche historische Sch\u00e4tze zeichnen diese besondere Region aus. Entdecken Sie Istriens K\u00fcstenst\u00e4dte Rovinj Die romantische [&hellip;]<\/p>\n","protected":false},"author":1,"featured_media":0,"parent":0,"menu_order":0,"comment_status":"closed","ping_status":"closed","template":"","meta":{"footnotes":""},"class_list":["post-215","page","type-page","status-publish","hentry"],"_links":{"self":[{"href":"https:\/\/meitob.bplaced.net\/kroatien\/wp-json\/wp\/v2\/pages\/215","targetHints":{"allow":["GET"]}}],"collection":[{"href":"https:\/\/meitob.bplaced.net\/kroatien\/wp-json\/wp\/v2\/pages"}],"about":[{"href":"https:\/\/meitob.bplaced.net\/kroatien\/wp-json\/wp\/v2\/types\/page"}],"author":[{"embeddable":true,"href":"https:\/\/meitob.bplaced.net\/kroatien\/wp-json\/wp\/v2\/users\/1"}],"replies":[{"embeddable":true,"href":"https:\/\/meitob.bplaced.net\/kroatien\/wp-json\/wp\/v2\/comments?post=215"}],"version-history":[{"count":4,"href":"https:\/\/meitob.bplaced.net\/kroatien\/wp-json\/wp\/v2\/pages\/215\/revisions"}],"predecessor-version":[{"id":235,"href":"https:\/\/meitob.bplaced.net\/kroatien\/wp-json\/wp\/v2\/pages\/215\/revisions\/235"}],"wp:attachment":[{"href":"https:\/\/meitob.bplaced.net\/kroatien\/wp-json\/wp\/v2\/media?parent=215"}],"curies":[{"name":"wp","href":"https:\/\/api.w.org\/{rel}","templated":true}]}}